{"id":74,"date":"2023-10-03T20:46:10","date_gmt":"2023-10-03T20:46:10","guid":{"rendered":"http:\/\/xn--samichlaussckli-blb.ch\/?page_id=74"},"modified":"2024-07-20T18:50:15","modified_gmt":"2024-07-20T18:50:15","slug":"ueber-uns","status":"publish","type":"page","link":"https:\/\/xn--samichlaussckli-blb.ch\/?page_id=74","title":{"rendered":"\u00dcber uns"},"content":{"rendered":"\n<p><\/p>\n\n\n\n<h2 class=\"wp-block-heading\">Erfahren Sie mehr \u00fcber uns<\/h2>\n\n\n\n<p><\/p>\n\n\n\n<div class=\"wp-block-media-text is-stacked-on-mobile\" style=\"grid-template-columns:21% auto\"><figure class=\"wp-block-media-text__media\"><img loading=\"lazy\" decoding=\"async\" width=\"683\" height=\"1024\" src=\"https:\/\/xn--samichlaussckli-blb.ch\/wp-content\/uploads\/2024\/07\/KSP_5605-683x1024.jpg\" alt=\"\" class=\"wp-image-282 size-full\" srcset=\"https:\/\/xn--samichlaussckli-blb.ch\/wp-content\/uploads\/2024\/07\/KSP_5605-683x1024.jpg 683w, https:\/\/xn--samichlaussckli-blb.ch\/wp-content\/uploads\/2024\/07\/KSP_5605-200x300.jpg 200w, https:\/\/xn--samichlaussckli-blb.ch\/wp-content\/uploads\/2024\/07\/KSP_5605-768x1151.jpg 768w, https:\/\/xn--samichlaussckli-blb.ch\/wp-content\/uploads\/2024\/07\/KSP_5605-1025x1536.jpg 1025w, https:\/\/xn--samichlaussckli-blb.ch\/wp-content\/uploads\/2024\/07\/KSP_5605-600x900.jpg 600w, https:\/\/xn--samichlaussckli-blb.ch\/wp-content\/uploads\/2024\/07\/KSP_5605.jpg 1334w\" sizes=\"auto, (max-width: 683px) 100vw, 683px\" \/><\/figure><div class=\"wp-block-media-text__content\">\n<p>Als wir vor mehr als 20 Jahren das erste Mal Chlauss\u00e4ckli f\u00fcr unsere Mitarbeiter und Kunden abf\u00fcllten, h\u00e4tten wir nie daran gedacht, &nbsp;dass die Chlauss\u00e4ckli einmal in die ganze Schweiz verschickt werden und dass wir nicht nur hunderte, sondern tausende grosse und kleine Chlauss\u00e4ckli versenden und dabei immer wieder neue, begeisterte Kunden finden. Trotz allem sind wir nach wie vor f\u00fcr unsere Kunden da und versuchen, wirklich jeden Wunsch zu erf\u00fcllen. Der Chlaussack ist weiterhin ein individuelles Geschenk an Kunden, Mitarbeiter oder&nbsp;Vereinsmitglieder.<\/p>\n<\/div><\/div>\n\n\n\n<hr class=\"wp-block-separator has-text-color has-vivid-red-color has-alpha-channel-opacity has-vivid-red-background-color has-background\"\/>\n\n\n\n<p>Jedes Jahr wird die Chlauszeit schon mit Spannung erwartet und jedes Jahr steht unser Lager in der Woche vor dem 6. Dezember bis zum letzten Quadratmeter voll mit versandbereiten Chlauss\u00e4ckli. Wir hoffen nat\u00fcrlich, dass dieses Jahr auch die Chlauss\u00e4ckli von Ihnen bei uns abgepackt werden und freuen uns \u00fcber Ihre&nbsp;<a data-type=\"link\" data-id=\"https:\/\/samichlauss\u00e4ckli.ch\/?page_id=79\" href=\"https:\/\/samichlauss\u00e4ckli.ch\/?page_id=79\">Kontaktaufnahme<\/a>.&nbsp;<\/p>\n\n\n\n<p><\/p>\n\n\n\n<p><\/p>\n\n\n\n<p>Andrea Berner<\/p>\n\n\n\n<p>Erich Berner AG, Walenb\u00fcchelstrasse 21, 9000 St. Gallen, Tel: 071 278 68 61<\/p>\n\n\n\n<p><\/p>\n\n\n\n<figure class=\"wp-block-gallery has-nested-images columns-default is-cropped wp-block-gallery-1 is-layout-flex wp-block-gallery-is-layout-flex\">\n<figure class=\"wp-block-image size-large\"><img loading=\"lazy\" decoding=\"async\" width=\"1024\" height=\"683\" data-id=\"166\" src=\"https:\/\/xn--samichlaussckli-blb.ch\/wp-content\/uploads\/2023\/10\/IMG_2556-1024x683.jpg\" alt=\"\" class=\"wp-image-166\" srcset=\"https:\/\/xn--samichlaussckli-blb.ch\/wp-content\/uploads\/2023\/10\/IMG_2556-1024x683.jpg 1024w, https:\/\/xn--samichlaussckli-blb.ch\/wp-content\/uploads\/2023\/10\/IMG_2556-300x200.jpg 300w, https:\/\/xn--samichlaussckli-blb.ch\/wp-content\/uploads\/2023\/10\/IMG_2556-768x512.jpg 768w, https:\/\/xn--samichlaussckli-blb.ch\/wp-content\/uploads\/2023\/10\/IMG_2556-1536x1024.jpg 1536w, https:\/\/xn--samichlaussckli-blb.ch\/wp-content\/uploads\/2023\/10\/IMG_2556-2048x1365.jpg 2048w, https:\/\/xn--samichlaussckli-blb.ch\/wp-content\/uploads\/2023\/10\/IMG_2556-600x400.jpg 600w\" sizes=\"auto, (max-width: 1024px) 100vw, 1024px\" \/><\/figure>\n\n\n\n<figure class=\"wp-block-image size-large\"><img loading=\"lazy\" decoding=\"async\" width=\"1024\" height=\"683\" data-id=\"167\" src=\"https:\/\/xn--samichlaussckli-blb.ch\/wp-content\/uploads\/2023\/10\/IMG_2565-1024x683.jpg\" alt=\"\" class=\"wp-image-167\" srcset=\"https:\/\/xn--samichlaussckli-blb.ch\/wp-content\/uploads\/2023\/10\/IMG_2565-1024x683.jpg 1024w, https:\/\/xn--samichlaussckli-blb.ch\/wp-content\/uploads\/2023\/10\/IMG_2565-300x200.jpg 300w, https:\/\/xn--samichlaussckli-blb.ch\/wp-content\/uploads\/2023\/10\/IMG_2565-768x512.jpg 768w, https:\/\/xn--samichlaussckli-blb.ch\/wp-content\/uploads\/2023\/10\/IMG_2565-1536x1024.jpg 1536w, https:\/\/xn--samichlaussckli-blb.ch\/wp-content\/uploads\/2023\/10\/IMG_2565-2048x1365.jpg 2048w, https:\/\/xn--samichlaussckli-blb.ch\/wp-content\/uploads\/2023\/10\/IMG_2565-600x400.jpg 600w\" sizes=\"auto, (max-width: 1024px) 100vw, 1024px\" \/><\/figure>\n\n\n\n<figure class=\"wp-block-image size-large\"><img loading=\"lazy\" decoding=\"async\" width=\"1024\" height=\"683\" data-id=\"168\" src=\"https:\/\/xn--samichlaussckli-blb.ch\/wp-content\/uploads\/2023\/10\/DSC02585-1024x683.jpg\" alt=\"\" class=\"wp-image-168\" srcset=\"https:\/\/xn--samichlaussckli-blb.ch\/wp-content\/uploads\/2023\/10\/DSC02585-1024x683.jpg 1024w, https:\/\/xn--samichlaussckli-blb.ch\/wp-content\/uploads\/2023\/10\/DSC02585-300x200.jpg 300w, https:\/\/xn--samichlaussckli-blb.ch\/wp-content\/uploads\/2023\/10\/DSC02585-768x512.jpg 768w, https:\/\/xn--samichlaussckli-blb.ch\/wp-content\/uploads\/2023\/10\/DSC02585-1536x1024.jpg 1536w, https:\/\/xn--samichlaussckli-blb.ch\/wp-content\/uploads\/2023\/10\/DSC02585-2048x1365.jpg 2048w, https:\/\/xn--samichlaussckli-blb.ch\/wp-content\/uploads\/2023\/10\/DSC02585-600x400.jpg 600w\" sizes=\"auto, (max-width: 1024px) 100vw, 1024px\" \/><\/figure>\n<\/figure>\n","protected":false},"excerpt":{"rendered":"<p>Erfahren Sie mehr \u00fcber uns Als wir vor mehr als 20 Jahren das erste Mal Chlauss\u00e4ckli f\u00fcr unsere Mitarbeiter und Kunden abf\u00fcllten, h\u00e4tten wir nie daran gedacht, &nbsp;dass die Chlauss\u00e4ckli einmal in die ganze Schweiz verschickt werden und dass wir nicht nur hunderte, sondern tausende grosse und kleine Chlauss\u00e4ckli versenden und dabei immer wieder neue,<\/p>\n<div class=\"more-link\">\n\t\t\t\t <a href=\"https:\/\/xn--samichlaussckli-blb.ch\/?page_id=74\" class=\"link-btn\"><span>Weiterlesen <\/span> <i class=\"icofont-thin-double-right\"><\/i><\/a>\n\t\t\t<\/div>\n","protected":false},"author":1,"featured_media":0,"parent":0,"menu_order":0,"comment_status":"closed","ping_status":"closed","template":"","meta":{"footnotes":""},"class_list":["post-74","page","type-page","status-publish","hentry"],"_links":{"self":[{"href":"https:\/\/xn--samichlaussckli-blb.ch\/index.php?rest_route=\/wp\/v2\/pages\/74","targetHints":{"allow":["GET"]}}],"collection":[{"href":"https:\/\/xn--samichlaussckli-blb.ch\/index.php?rest_route=\/wp\/v2\/pages"}],"about":[{"href":"https:\/\/xn--samichlaussckli-blb.ch\/index.php?rest_route=\/wp\/v2\/types\/page"}],"author":[{"embeddable":true,"href":"https:\/\/xn--samichlaussckli-blb.ch\/index.php?rest_route=\/wp\/v2\/users\/1"}],"replies":[{"embeddable":true,"href":"https:\/\/xn--samichlaussckli-blb.ch\/index.php?rest_route=%2Fwp%2Fv2%2Fcomments&post=74"}],"version-history":[{"count":11,"href":"https:\/\/xn--samichlaussckli-blb.ch\/index.php?rest_route=\/wp\/v2\/pages\/74\/revisions"}],"predecessor-version":[{"id":313,"href":"https:\/\/xn--samichlaussckli-blb.ch\/index.php?rest_route=\/wp\/v2\/pages\/74\/revisions\/313"}],"wp:attachment":[{"href":"https:\/\/xn--samichlaussckli-blb.ch\/index.php?rest_route=%2Fwp%2Fv2%2Fmedia&parent=74"}],"curies":[{"name":"wp","href":"https:\/\/api.w.org\/{rel}","templated":true}]}}