{"id":99,"date":"2023-10-03T21:29:50","date_gmt":"2023-10-03T21:29:50","guid":{"rendered":"http:\/\/xn--samichlaussckli-blb.ch\/?page_id=99"},"modified":"2024-07-10T08:31:21","modified_gmt":"2024-07-10T08:31:21","slug":"zutaten","status":"publish","type":"page","link":"https:\/\/xn--samichlaussckli-blb.ch\/?page_id=99","title":{"rendered":"Zutaten"},"content":{"rendered":"\n<p>Die Zutaten f\u00fcr unsere Chlauss\u00e4ckli versuchen wir &#8211; wann immer m\u00f6glich &#8211; aus der Region zu beziehen. Darum arbeiten wir eng mit unseren Lieferanten zusammen und freuen uns \u00fcber die langj\u00e4hrigen Beziehungen. Falls Sie W\u00fcnsche betreffend den Zutaten haben, kommen wir Ihnen gerne entgegen. In dieser Galerie sind einige Beispiele f\u00fcr Zutaten aufgelistet, je nach Chlaussack k\u00f6nnen aber noch weitere hinzukommen.<\/p>\n\n\n\n<figure class=\"wp-block-gallery has-nested-images columns-default is-cropped wp-block-gallery-1 is-layout-flex wp-block-gallery-is-layout-flex\">\n<figure class=\"wp-block-image size-full\"><img loading=\"lazy\" decoding=\"async\" width=\"400\" height=\"400\" data-id=\"208\" src=\"https:\/\/xn--samichlaussckli-blb.ch\/wp-content\/uploads\/2024\/07\/KSP_5426.jpg\" alt=\"\" class=\"wp-image-208\" style=\"aspect-ratio:1;object-fit:cover\" srcset=\"https:\/\/xn--samichlaussckli-blb.ch\/wp-content\/uploads\/2024\/07\/KSP_5426.jpg 400w, https:\/\/xn--samichlaussckli-blb.ch\/wp-content\/uploads\/2024\/07\/KSP_5426-300x300.jpg 300w, https:\/\/xn--samichlaussckli-blb.ch\/wp-content\/uploads\/2024\/07\/KSP_5426-150x150.jpg 150w, https:\/\/xn--samichlaussckli-blb.ch\/wp-content\/uploads\/2024\/07\/KSP_5426-100x100.jpg 100w\" sizes=\"auto, (max-width: 400px) 100vw, 400px\" \/><\/figure>\n\n\n\n<figure class=\"wp-block-image size-full is-style-default\"><img loading=\"lazy\" decoding=\"async\" width=\"400\" height=\"400\" data-id=\"216\" src=\"https:\/\/xn--samichlaussckli-blb.ch\/wp-content\/uploads\/2024\/07\/KSP_5423.jpg\" alt=\"\" class=\"wp-image-216\" style=\"aspect-ratio:1;object-fit:cover\" srcset=\"https:\/\/xn--samichlaussckli-blb.ch\/wp-content\/uploads\/2024\/07\/KSP_5423.jpg 400w, https:\/\/xn--samichlaussckli-blb.ch\/wp-content\/uploads\/2024\/07\/KSP_5423-300x300.jpg 300w, https:\/\/xn--samichlaussckli-blb.ch\/wp-content\/uploads\/2024\/07\/KSP_5423-150x150.jpg 150w, https:\/\/xn--samichlaussckli-blb.ch\/wp-content\/uploads\/2024\/07\/KSP_5423-100x100.jpg 100w\" sizes=\"auto, (max-width: 400px) 100vw, 400px\" \/><\/figure>\n\n\n\n<figure class=\"wp-block-image size-full\"><img loading=\"lazy\" decoding=\"async\" width=\"400\" height=\"400\" data-id=\"217\" src=\"https:\/\/xn--samichlaussckli-blb.ch\/wp-content\/uploads\/2024\/07\/KSP_5424.jpg\" alt=\"\" class=\"wp-image-217\" style=\"aspect-ratio:1;object-fit:cover\" srcset=\"https:\/\/xn--samichlaussckli-blb.ch\/wp-content\/uploads\/2024\/07\/KSP_5424.jpg 400w, https:\/\/xn--samichlaussckli-blb.ch\/wp-content\/uploads\/2024\/07\/KSP_5424-300x300.jpg 300w, https:\/\/xn--samichlaussckli-blb.ch\/wp-content\/uploads\/2024\/07\/KSP_5424-150x150.jpg 150w, https:\/\/xn--samichlaussckli-blb.ch\/wp-content\/uploads\/2024\/07\/KSP_5424-100x100.jpg 100w\" sizes=\"auto, (max-width: 400px) 100vw, 400px\" \/><\/figure>\n\n\n\n<figure class=\"wp-block-image size-large\"><img loading=\"lazy\" decoding=\"async\" width=\"400\" height=\"400\" data-id=\"219\" src=\"https:\/\/xn--samichlaussckli-blb.ch\/wp-content\/uploads\/2024\/07\/KSP_5429-1.jpg\" alt=\"\" class=\"wp-image-219\" srcset=\"https:\/\/xn--samichlaussckli-blb.ch\/wp-content\/uploads\/2024\/07\/KSP_5429-1.jpg 400w, https:\/\/xn--samichlaussckli-blb.ch\/wp-content\/uploads\/2024\/07\/KSP_5429-1-300x300.jpg 300w, https:\/\/xn--samichlaussckli-blb.ch\/wp-content\/uploads\/2024\/07\/KSP_5429-1-150x150.jpg 150w, https:\/\/xn--samichlaussckli-blb.ch\/wp-content\/uploads\/2024\/07\/KSP_5429-1-100x100.jpg 100w\" sizes=\"auto, (max-width: 400px) 100vw, 400px\" \/><\/figure>\n\n\n\n<figure class=\"wp-block-image size-large\"><img loading=\"lazy\" decoding=\"async\" width=\"400\" height=\"400\" data-id=\"234\" src=\"https:\/\/xn--samichlaussckli-blb.ch\/wp-content\/uploads\/2024\/07\/KSP_5422.jpg\" alt=\"\" class=\"wp-image-234\" srcset=\"https:\/\/xn--samichlaussckli-blb.ch\/wp-content\/uploads\/2024\/07\/KSP_5422.jpg 400w, https:\/\/xn--samichlaussckli-blb.ch\/wp-content\/uploads\/2024\/07\/KSP_5422-300x300.jpg 300w, https:\/\/xn--samichlaussckli-blb.ch\/wp-content\/uploads\/2024\/07\/KSP_5422-150x150.jpg 150w, https:\/\/xn--samichlaussckli-blb.ch\/wp-content\/uploads\/2024\/07\/KSP_5422-100x100.jpg 100w\" sizes=\"auto, (max-width: 400px) 100vw, 400px\" \/><\/figure>\n\n\n\n<figure class=\"wp-block-image size-large\"><img loading=\"lazy\" decoding=\"async\" width=\"400\" height=\"400\" data-id=\"233\" src=\"https:\/\/xn--samichlaussckli-blb.ch\/wp-content\/uploads\/2024\/07\/KSP_5421.jpg\" alt=\"\" class=\"wp-image-233\" srcset=\"https:\/\/xn--samichlaussckli-blb.ch\/wp-content\/uploads\/2024\/07\/KSP_5421.jpg 400w, https:\/\/xn--samichlaussckli-blb.ch\/wp-content\/uploads\/2024\/07\/KSP_5421-300x300.jpg 300w, https:\/\/xn--samichlaussckli-blb.ch\/wp-content\/uploads\/2024\/07\/KSP_5421-150x150.jpg 150w, https:\/\/xn--samichlaussckli-blb.ch\/wp-content\/uploads\/2024\/07\/KSP_5421-100x100.jpg 100w\" sizes=\"auto, (max-width: 400px) 100vw, 400px\" \/><\/figure>\n\n\n\n<figure class=\"wp-block-image size-large\"><img loading=\"lazy\" decoding=\"async\" width=\"400\" height=\"400\" data-id=\"232\" src=\"https:\/\/xn--samichlaussckli-blb.ch\/wp-content\/uploads\/2024\/07\/KSP_5419.jpg\" alt=\"\" class=\"wp-image-232\" srcset=\"https:\/\/xn--samichlaussckli-blb.ch\/wp-content\/uploads\/2024\/07\/KSP_5419.jpg 400w, https:\/\/xn--samichlaussckli-blb.ch\/wp-content\/uploads\/2024\/07\/KSP_5419-300x300.jpg 300w, https:\/\/xn--samichlaussckli-blb.ch\/wp-content\/uploads\/2024\/07\/KSP_5419-150x150.jpg 150w, https:\/\/xn--samichlaussckli-blb.ch\/wp-content\/uploads\/2024\/07\/KSP_5419-100x100.jpg 100w\" sizes=\"auto, (max-width: 400px) 100vw, 400px\" \/><\/figure>\n\n\n\n<figure class=\"wp-block-image size-large\"><img loading=\"lazy\" decoding=\"async\" width=\"400\" height=\"400\" data-id=\"230\" src=\"https:\/\/xn--samichlaussckli-blb.ch\/wp-content\/uploads\/2024\/07\/KSP_5405.jpg\" alt=\"\" class=\"wp-image-230\" srcset=\"https:\/\/xn--samichlaussckli-blb.ch\/wp-content\/uploads\/2024\/07\/KSP_5405.jpg 400w, https:\/\/xn--samichlaussckli-blb.ch\/wp-content\/uploads\/2024\/07\/KSP_5405-300x300.jpg 300w, https:\/\/xn--samichlaussckli-blb.ch\/wp-content\/uploads\/2024\/07\/KSP_5405-150x150.jpg 150w, https:\/\/xn--samichlaussckli-blb.ch\/wp-content\/uploads\/2024\/07\/KSP_5405-100x100.jpg 100w\" sizes=\"auto, (max-width: 400px) 100vw, 400px\" \/><\/figure>\n\n\n\n<figure class=\"wp-block-image size-full is-style-default\"><img loading=\"lazy\" decoding=\"async\" width=\"400\" height=\"400\" data-id=\"211\" src=\"https:\/\/xn--samichlaussckli-blb.ch\/wp-content\/uploads\/2024\/07\/KSP_5369.jpg\" alt=\"\" class=\"wp-image-211\" style=\"aspect-ratio:1;object-fit:cover\" srcset=\"https:\/\/xn--samichlaussckli-blb.ch\/wp-content\/uploads\/2024\/07\/KSP_5369.jpg 400w, https:\/\/xn--samichlaussckli-blb.ch\/wp-content\/uploads\/2024\/07\/KSP_5369-300x300.jpg 300w, https:\/\/xn--samichlaussckli-blb.ch\/wp-content\/uploads\/2024\/07\/KSP_5369-150x150.jpg 150w, https:\/\/xn--samichlaussckli-blb.ch\/wp-content\/uploads\/2024\/07\/KSP_5369-100x100.jpg 100w\" sizes=\"auto, (max-width: 400px) 100vw, 400px\" \/><\/figure>\n\n\n\n<figure class=\"wp-block-image size-full\"><img loading=\"lazy\" decoding=\"async\" width=\"400\" height=\"400\" data-id=\"212\" src=\"https:\/\/xn--samichlaussckli-blb.ch\/wp-content\/uploads\/2024\/07\/KSP_5371.jpg\" alt=\"\" class=\"wp-image-212\" style=\"aspect-ratio:1;object-fit:cover\" srcset=\"https:\/\/xn--samichlaussckli-blb.ch\/wp-content\/uploads\/2024\/07\/KSP_5371.jpg 400w, https:\/\/xn--samichlaussckli-blb.ch\/wp-content\/uploads\/2024\/07\/KSP_5371-300x300.jpg 300w, https:\/\/xn--samichlaussckli-blb.ch\/wp-content\/uploads\/2024\/07\/KSP_5371-150x150.jpg 150w, https:\/\/xn--samichlaussckli-blb.ch\/wp-content\/uploads\/2024\/07\/KSP_5371-100x100.jpg 100w\" sizes=\"auto, (max-width: 400px) 100vw, 400px\" \/><\/figure>\n\n\n\n<figure class=\"wp-block-image size-full\"><img loading=\"lazy\" decoding=\"async\" width=\"400\" height=\"400\" data-id=\"210\" src=\"https:\/\/xn--samichlaussckli-blb.ch\/wp-content\/uploads\/2024\/07\/KSP_5363.jpg\" alt=\"\" class=\"wp-image-210\" style=\"aspect-ratio:1;object-fit:cover\" srcset=\"https:\/\/xn--samichlaussckli-blb.ch\/wp-content\/uploads\/2024\/07\/KSP_5363.jpg 400w, https:\/\/xn--samichlaussckli-blb.ch\/wp-content\/uploads\/2024\/07\/KSP_5363-300x300.jpg 300w, https:\/\/xn--samichlaussckli-blb.ch\/wp-content\/uploads\/2024\/07\/KSP_5363-150x150.jpg 150w, https:\/\/xn--samichlaussckli-blb.ch\/wp-content\/uploads\/2024\/07\/KSP_5363-100x100.jpg 100w\" sizes=\"auto, (max-width: 400px) 100vw, 400px\" \/><\/figure>\n\n\n\n<figure class=\"wp-block-image size-full\"><img loading=\"lazy\" decoding=\"async\" width=\"400\" height=\"400\" data-id=\"213\" src=\"https:\/\/xn--samichlaussckli-blb.ch\/wp-content\/uploads\/2024\/07\/KSP_5377.jpg\" alt=\"\" class=\"wp-image-213\" style=\"aspect-ratio:1;object-fit:cover\" srcset=\"https:\/\/xn--samichlaussckli-blb.ch\/wp-content\/uploads\/2024\/07\/KSP_5377.jpg 400w, https:\/\/xn--samichlaussckli-blb.ch\/wp-content\/uploads\/2024\/07\/KSP_5377-300x300.jpg 300w, https:\/\/xn--samichlaussckli-blb.ch\/wp-content\/uploads\/2024\/07\/KSP_5377-150x150.jpg 150w, https:\/\/xn--samichlaussckli-blb.ch\/wp-content\/uploads\/2024\/07\/KSP_5377-100x100.jpg 100w\" sizes=\"auto, (max-width: 400px) 100vw, 400px\" \/><\/figure>\n\n\n\n<figure class=\"wp-block-image size-large\"><img loading=\"lazy\" decoding=\"async\" width=\"400\" height=\"400\" data-id=\"222\" src=\"https:\/\/xn--samichlaussckli-blb.ch\/wp-content\/uploads\/2024\/07\/KSP_5391.jpg\" alt=\"\" class=\"wp-image-222\" srcset=\"https:\/\/xn--samichlaussckli-blb.ch\/wp-content\/uploads\/2024\/07\/KSP_5391.jpg 400w, https:\/\/xn--samichlaussckli-blb.ch\/wp-content\/uploads\/2024\/07\/KSP_5391-300x300.jpg 300w, https:\/\/xn--samichlaussckli-blb.ch\/wp-content\/uploads\/2024\/07\/KSP_5391-150x150.jpg 150w, https:\/\/xn--samichlaussckli-blb.ch\/wp-content\/uploads\/2024\/07\/KSP_5391-100x100.jpg 100w\" sizes=\"auto, (max-width: 400px) 100vw, 400px\" \/><\/figure>\n\n\n\n<figure class=\"wp-block-image size-large\"><img loading=\"lazy\" decoding=\"async\" width=\"400\" height=\"400\" data-id=\"221\" src=\"https:\/\/xn--samichlaussckli-blb.ch\/wp-content\/uploads\/2024\/07\/KSP_5382-2.jpg\" alt=\"\" class=\"wp-image-221\" srcset=\"https:\/\/xn--samichlaussckli-blb.ch\/wp-content\/uploads\/2024\/07\/KSP_5382-2.jpg 400w, https:\/\/xn--samichlaussckli-blb.ch\/wp-content\/uploads\/2024\/07\/KSP_5382-2-300x300.jpg 300w, https:\/\/xn--samichlaussckli-blb.ch\/wp-content\/uploads\/2024\/07\/KSP_5382-2-150x150.jpg 150w, https:\/\/xn--samichlaussckli-blb.ch\/wp-content\/uploads\/2024\/07\/KSP_5382-2-100x100.jpg 100w\" sizes=\"auto, (max-width: 400px) 100vw, 400px\" \/><\/figure>\n\n\n\n<figure class=\"wp-block-image size-full\"><img loading=\"lazy\" decoding=\"async\" width=\"400\" height=\"400\" data-id=\"214\" src=\"https:\/\/xn--samichlaussckli-blb.ch\/wp-content\/uploads\/2024\/07\/KSP_5384.jpg\" alt=\"\" class=\"wp-image-214\" style=\"aspect-ratio:1;object-fit:cover\" srcset=\"https:\/\/xn--samichlaussckli-blb.ch\/wp-content\/uploads\/2024\/07\/KSP_5384.jpg 400w, https:\/\/xn--samichlaussckli-blb.ch\/wp-content\/uploads\/2024\/07\/KSP_5384-300x300.jpg 300w, https:\/\/xn--samichlaussckli-blb.ch\/wp-content\/uploads\/2024\/07\/KSP_5384-150x150.jpg 150w, https:\/\/xn--samichlaussckli-blb.ch\/wp-content\/uploads\/2024\/07\/KSP_5384-100x100.jpg 100w\" sizes=\"auto, (max-width: 400px) 100vw, 400px\" \/><\/figure>\n<\/figure>\n\n\n\n<figure class=\"wp-block-gallery has-nested-images columns-default is-cropped wp-block-gallery-2 is-layout-flex wp-block-gallery-is-layout-flex\">\n<figure class=\"wp-block-image size-large\"><img loading=\"lazy\" decoding=\"async\" width=\"400\" height=\"400\" data-id=\"223\" src=\"https:\/\/xn--samichlaussckli-blb.ch\/wp-content\/uploads\/2024\/07\/KSP_5392.jpg\" alt=\"\" class=\"wp-image-223\" srcset=\"https:\/\/xn--samichlaussckli-blb.ch\/wp-content\/uploads\/2024\/07\/KSP_5392.jpg 400w, https:\/\/xn--samichlaussckli-blb.ch\/wp-content\/uploads\/2024\/07\/KSP_5392-300x300.jpg 300w, https:\/\/xn--samichlaussckli-blb.ch\/wp-content\/uploads\/2024\/07\/KSP_5392-150x150.jpg 150w, https:\/\/xn--samichlaussckli-blb.ch\/wp-content\/uploads\/2024\/07\/KSP_5392-100x100.jpg 100w\" sizes=\"auto, (max-width: 400px) 100vw, 400px\" \/><\/figure>\n\n\n\n<figure class=\"wp-block-image size-large\"><img loading=\"lazy\" decoding=\"async\" width=\"400\" height=\"400\" data-id=\"240\" src=\"https:\/\/xn--samichlaussckli-blb.ch\/wp-content\/uploads\/2024\/07\/KSP_5448.jpg\" alt=\"\" class=\"wp-image-240\" srcset=\"https:\/\/xn--samichlaussckli-blb.ch\/wp-content\/uploads\/2024\/07\/KSP_5448.jpg 400w, https:\/\/xn--samichlaussckli-blb.ch\/wp-content\/uploads\/2024\/07\/KSP_5448-300x300.jpg 300w, https:\/\/xn--samichlaussckli-blb.ch\/wp-content\/uploads\/2024\/07\/KSP_5448-150x150.jpg 150w, https:\/\/xn--samichlaussckli-blb.ch\/wp-content\/uploads\/2024\/07\/KSP_5448-100x100.jpg 100w\" sizes=\"auto, (max-width: 400px) 100vw, 400px\" \/><\/figure>\n\n\n\n<figure class=\"wp-block-image size-large\"><img loading=\"lazy\" decoding=\"async\" width=\"400\" height=\"400\" data-id=\"239\" src=\"https:\/\/xn--samichlaussckli-blb.ch\/wp-content\/uploads\/2024\/07\/KSP_5418.jpg\" alt=\"\" class=\"wp-image-239\" srcset=\"https:\/\/xn--samichlaussckli-blb.ch\/wp-content\/uploads\/2024\/07\/KSP_5418.jpg 400w, https:\/\/xn--samichlaussckli-blb.ch\/wp-content\/uploads\/2024\/07\/KSP_5418-300x300.jpg 300w, https:\/\/xn--samichlaussckli-blb.ch\/wp-content\/uploads\/2024\/07\/KSP_5418-150x150.jpg 150w, https:\/\/xn--samichlaussckli-blb.ch\/wp-content\/uploads\/2024\/07\/KSP_5418-100x100.jpg 100w\" sizes=\"auto, (max-width: 400px) 100vw, 400px\" \/><\/figure>\n\n\n\n<figure class=\"wp-block-image size-large\"><img loading=\"lazy\" decoding=\"async\" width=\"400\" height=\"400\" data-id=\"238\" src=\"https:\/\/xn--samichlaussckli-blb.ch\/wp-content\/uploads\/2024\/07\/KSP_5415.jpg\" alt=\"\" class=\"wp-image-238\" srcset=\"https:\/\/xn--samichlaussckli-blb.ch\/wp-content\/uploads\/2024\/07\/KSP_5415.jpg 400w, https:\/\/xn--samichlaussckli-blb.ch\/wp-content\/uploads\/2024\/07\/KSP_5415-300x300.jpg 300w, https:\/\/xn--samichlaussckli-blb.ch\/wp-content\/uploads\/2024\/07\/KSP_5415-150x150.jpg 150w, https:\/\/xn--samichlaussckli-blb.ch\/wp-content\/uploads\/2024\/07\/KSP_5415-100x100.jpg 100w\" sizes=\"auto, (max-width: 400px) 100vw, 400px\" \/><\/figure>\n\n\n\n<figure class=\"wp-block-image size-large\"><img loading=\"lazy\" decoding=\"async\" width=\"400\" height=\"400\" data-id=\"237\" src=\"https:\/\/xn--samichlaussckli-blb.ch\/wp-content\/uploads\/2024\/07\/KSP_5414.jpg\" alt=\"\" class=\"wp-image-237\" srcset=\"https:\/\/xn--samichlaussckli-blb.ch\/wp-content\/uploads\/2024\/07\/KSP_5414.jpg 400w, https:\/\/xn--samichlaussckli-blb.ch\/wp-content\/uploads\/2024\/07\/KSP_5414-300x300.jpg 300w, https:\/\/xn--samichlaussckli-blb.ch\/wp-content\/uploads\/2024\/07\/KSP_5414-150x150.jpg 150w, https:\/\/xn--samichlaussckli-blb.ch\/wp-content\/uploads\/2024\/07\/KSP_5414-100x100.jpg 100w\" sizes=\"auto, (max-width: 400px) 100vw, 400px\" \/><\/figure>\n\n\n\n<figure class=\"wp-block-image size-large\"><img loading=\"lazy\" decoding=\"async\" width=\"400\" height=\"400\" data-id=\"236\" src=\"https:\/\/xn--samichlaussckli-blb.ch\/wp-content\/uploads\/2024\/07\/KSP_5408.jpg\" alt=\"\" class=\"wp-image-236\" srcset=\"https:\/\/xn--samichlaussckli-blb.ch\/wp-content\/uploads\/2024\/07\/KSP_5408.jpg 400w, https:\/\/xn--samichlaussckli-blb.ch\/wp-content\/uploads\/2024\/07\/KSP_5408-300x300.jpg 300w, https:\/\/xn--samichlaussckli-blb.ch\/wp-content\/uploads\/2024\/07\/KSP_5408-150x150.jpg 150w, https:\/\/xn--samichlaussckli-blb.ch\/wp-content\/uploads\/2024\/07\/KSP_5408-100x100.jpg 100w\" sizes=\"auto, (max-width: 400px) 100vw, 400px\" \/><\/figure>\n\n\n\n<figure class=\"wp-block-image size-large\"><img loading=\"lazy\" decoding=\"async\" width=\"400\" height=\"400\" data-id=\"229\" src=\"https:\/\/xn--samichlaussckli-blb.ch\/wp-content\/uploads\/2024\/07\/KSP_5401.jpg\" alt=\"\" class=\"wp-image-229\" srcset=\"https:\/\/xn--samichlaussckli-blb.ch\/wp-content\/uploads\/2024\/07\/KSP_5401.jpg 400w, https:\/\/xn--samichlaussckli-blb.ch\/wp-content\/uploads\/2024\/07\/KSP_5401-300x300.jpg 300w, https:\/\/xn--samichlaussckli-blb.ch\/wp-content\/uploads\/2024\/07\/KSP_5401-150x150.jpg 150w, https:\/\/xn--samichlaussckli-blb.ch\/wp-content\/uploads\/2024\/07\/KSP_5401-100x100.jpg 100w\" sizes=\"auto, (max-width: 400px) 100vw, 400px\" \/><\/figure>\n\n\n\n<figure class=\"wp-block-image size-large\"><img loading=\"lazy\" decoding=\"async\" width=\"400\" height=\"400\" data-id=\"228\" src=\"https:\/\/xn--samichlaussckli-blb.ch\/wp-content\/uploads\/2024\/07\/KSP_5400.jpg\" alt=\"\" class=\"wp-image-228\" srcset=\"https:\/\/xn--samichlaussckli-blb.ch\/wp-content\/uploads\/2024\/07\/KSP_5400.jpg 400w, https:\/\/xn--samichlaussckli-blb.ch\/wp-content\/uploads\/2024\/07\/KSP_5400-300x300.jpg 300w, https:\/\/xn--samichlaussckli-blb.ch\/wp-content\/uploads\/2024\/07\/KSP_5400-150x150.jpg 150w, https:\/\/xn--samichlaussckli-blb.ch\/wp-content\/uploads\/2024\/07\/KSP_5400-100x100.jpg 100w\" sizes=\"auto, (max-width: 400px) 100vw, 400px\" \/><\/figure>\n\n\n\n<figure class=\"wp-block-image size-large\"><img loading=\"lazy\" decoding=\"async\" width=\"400\" height=\"400\" data-id=\"226\" src=\"https:\/\/xn--samichlaussckli-blb.ch\/wp-content\/uploads\/2024\/07\/KSP_5399.jpg\" alt=\"\" class=\"wp-image-226\" srcset=\"https:\/\/xn--samichlaussckli-blb.ch\/wp-content\/uploads\/2024\/07\/KSP_5399.jpg 400w, https:\/\/xn--samichlaussckli-blb.ch\/wp-content\/uploads\/2024\/07\/KSP_5399-300x300.jpg 300w, https:\/\/xn--samichlaussckli-blb.ch\/wp-content\/uploads\/2024\/07\/KSP_5399-150x150.jpg 150w, https:\/\/xn--samichlaussckli-blb.ch\/wp-content\/uploads\/2024\/07\/KSP_5399-100x100.jpg 100w\" sizes=\"auto, (max-width: 400px) 100vw, 400px\" \/><\/figure>\n\n\n\n<figure class=\"wp-block-image size-large\"><img loading=\"lazy\" decoding=\"async\" width=\"400\" height=\"400\" data-id=\"225\" src=\"https:\/\/xn--samichlaussckli-blb.ch\/wp-content\/uploads\/2024\/07\/KSP_5397.jpg\" alt=\"\" class=\"wp-image-225\" srcset=\"https:\/\/xn--samichlaussckli-blb.ch\/wp-content\/uploads\/2024\/07\/KSP_5397.jpg 400w, https:\/\/xn--samichlaussckli-blb.ch\/wp-content\/uploads\/2024\/07\/KSP_5397-300x300.jpg 300w, https:\/\/xn--samichlaussckli-blb.ch\/wp-content\/uploads\/2024\/07\/KSP_5397-150x150.jpg 150w, https:\/\/xn--samichlaussckli-blb.ch\/wp-content\/uploads\/2024\/07\/KSP_5397-100x100.jpg 100w\" sizes=\"auto, (max-width: 400px) 100vw, 400px\" \/><\/figure>\n\n\n\n<figure class=\"wp-block-image size-large\"><img loading=\"lazy\" decoding=\"async\" width=\"400\" height=\"400\" data-id=\"224\" src=\"https:\/\/xn--samichlaussckli-blb.ch\/wp-content\/uploads\/2024\/07\/KSP_5395.jpg\" alt=\"\" class=\"wp-image-224\" srcset=\"https:\/\/xn--samichlaussckli-blb.ch\/wp-content\/uploads\/2024\/07\/KSP_5395.jpg 400w, https:\/\/xn--samichlaussckli-blb.ch\/wp-content\/uploads\/2024\/07\/KSP_5395-300x300.jpg 300w, https:\/\/xn--samichlaussckli-blb.ch\/wp-content\/uploads\/2024\/07\/KSP_5395-150x150.jpg 150w, https:\/\/xn--samichlaussckli-blb.ch\/wp-content\/uploads\/2024\/07\/KSP_5395-100x100.jpg 100w\" sizes=\"auto, (max-width: 400px) 100vw, 400px\" \/><\/figure>\n<\/figure>\n","protected":false},"excerpt":{"rendered":"<p>Die Zutaten f\u00fcr unsere Chlauss\u00e4ckli versuchen wir &#8211; wann immer m\u00f6glich &#8211; aus der Region zu beziehen. Darum arbeiten wir eng mit unseren Lieferanten zusammen und freuen uns \u00fcber die langj\u00e4hrigen Beziehungen. Falls Sie W\u00fcnsche betreffend den Zutaten haben, kommen wir Ihnen gerne entgegen. In dieser Galerie sind einige Beispiele f\u00fcr Zutaten aufgelistet, je nach<\/p>\n<div class=\"more-link\">\n\t\t\t\t <a href=\"https:\/\/xn--samichlaussckli-blb.ch\/?page_id=99\" class=\"link-btn\"><span>Weiterlesen <\/span> <i class=\"icofont-thin-double-right\"><\/i><\/a>\n\t\t\t<\/div>\n","protected":false},"author":1,"featured_media":0,"parent":0,"menu_order":0,"comment_status":"closed","ping_status":"closed","template":"","meta":{"footnotes":""},"class_list":["post-99","page","type-page","status-publish","hentry"],"_links":{"self":[{"href":"https:\/\/xn--samichlaussckli-blb.ch\/index.php?rest_route=\/wp\/v2\/pages\/99","targetHints":{"allow":["GET"]}}],"collection":[{"href":"https:\/\/xn--samichlaussckli-blb.ch\/index.php?rest_route=\/wp\/v2\/pages"}],"about":[{"href":"https:\/\/xn--samichlaussckli-blb.ch\/index.php?rest_route=\/wp\/v2\/types\/page"}],"author":[{"embeddable":true,"href":"https:\/\/xn--samichlaussckli-blb.ch\/index.php?rest_route=\/wp\/v2\/users\/1"}],"replies":[{"embeddable":true,"href":"https:\/\/xn--samichlaussckli-blb.ch\/index.php?rest_route=%2Fwp%2Fv2%2Fcomments&post=99"}],"version-history":[{"count":8,"href":"https:\/\/xn--samichlaussckli-blb.ch\/index.php?rest_route=\/wp\/v2\/pages\/99\/revisions"}],"predecessor-version":[{"id":241,"href":"https:\/\/xn--samichlaussckli-blb.ch\/index.php?rest_route=\/wp\/v2\/pages\/99\/revisions\/241"}],"wp:attachment":[{"href":"https:\/\/xn--samichlaussckli-blb.ch\/index.php?rest_route=%2Fwp%2Fv2%2Fmedia&parent=99"}],"curies":[{"name":"wp","href":"https:\/\/api.w.org\/{rel}","templated":true}]}}