{"id":307,"date":"2024-08-03T16:58:47","date_gmt":"2024-08-03T16:58:47","guid":{"rendered":"https:\/\/xn--samichlaussckli-blb.ch\/?post_type=product&#038;p=307"},"modified":"2025-08-29T15:58:29","modified_gmt":"2025-08-29T13:58:29","slug":"chlauspaket-ohne-fruechte","status":"publish","type":"product","link":"https:\/\/xn--samichlaussckli-blb.ch\/?product=chlauspaket-ohne-fruechte","title":{"rendered":"Chlauspaket ohne Fr\u00fcchte"},"content":{"rendered":"<h1>\u200bInhalt:<\/h1>\n<p>Chnuspern\u00fcssli<br \/>\nBaumn\u00fcsse<br \/>\nDatteln<br \/>\nFeigen<br \/>\nBiber gef\u00fcllt klein<br \/>\nLebkuchen<br \/>\nViel Schokolade &amp; S\u00fcsses<\/p>\n","protected":false},"excerpt":{"rendered":"<p>\u200bInhalt: Chnuspern\u00fcssli Baumn\u00fcsse Datteln Feigen Biber gef\u00fcllt klein Lebkuchen Viel Schokolade &amp; S\u00fcsses<\/p>\n","protected":false},"featured_media":0,"comment_status":"open","ping_status":"closed","template":"","meta":[],"product_brand":[],"product_cat":[20,22],"product_tag":[],"class_list":{"0":"post-307","1":"product","2":"type-product","3":"status-publish","5":"product_cat-chlausgitter-paket","6":"product_cat-paket","8":"first","9":"instock","10":"taxable","11":"shipping-taxable","12":"purchasable","13":"product-type-simple"},"tiered_pricing_type":"fixed","tiered_pricing_fixed_rules":[],"tiered_pricing_product_settings":{"layout":"default","base_unit_name":{"singular":null,"plural":null},"default_variation":null},"tiered_pricing_minimum_quantity":null,"tiered_pricing_roles_data":[],"tiered_pricing_percentage_rules":[],"tiered_pricing_maximum_quantity":null,"tiered_pricing_quantity_step":null,"_links":{"self":[{"href":"https:\/\/xn--samichlaussckli-blb.ch\/index.php?rest_route=\/wp\/v2\/product\/307","targetHints":{"allow":["GET"]}}],"collection":[{"href":"https:\/\/xn--samichlaussckli-blb.ch\/index.php?rest_route=\/wp\/v2\/product"}],"about":[{"href":"https:\/\/xn--samichlaussckli-blb.ch\/index.php?rest_route=\/wp\/v2\/types\/product"}],"replies":[{"embeddable":true,"href":"https:\/\/xn--samichlaussckli-blb.ch\/index.php?rest_route=%2Fwp%2Fv2%2Fcomments&post=307"}],"wp:attachment":[{"href":"https:\/\/xn--samichlaussckli-blb.ch\/index.php?rest_route=%2Fwp%2Fv2%2Fmedia&parent=307"}],"wp:term":[{"taxonomy":"product_brand","embeddable":true,"href":"https:\/\/xn--samichlaussckli-blb.ch\/index.php?rest_route=%2Fwp%2Fv2%2Fproduct_brand&post=307"},{"taxonomy":"product_cat","embeddable":true,"href":"https:\/\/xn--samichlaussckli-blb.ch\/index.php?rest_route=%2Fwp%2Fv2%2Fproduct_cat&post=307"},{"taxonomy":"product_tag","embeddable":true,"href":"https:\/\/xn--samichlaussckli-blb.ch\/index.php?rest_route=%2Fwp%2Fv2%2Fproduct_tag&post=307"}],"curies":[{"name":"wp","href":"https:\/\/api.w.org\/{rel}","templated":true}]}}